{"id":1771,"date":"2024-02-15T12:34:05","date_gmt":"2024-02-15T12:34:05","guid":{"rendered":"https:\/\/www.profesiadays.sk\/?page_id=1771"},"modified":"2026-02-12T20:01:43","modified_gmt":"2026-02-12T20:01:43","slug":"o-akcii","status":"publish","type":"page","link":"https:\/\/www.profesiadays.sk\/en\/bratislava\/o-akcii\/","title":{"rendered":"O akcii"},"content":{"rendered":"\n<h2 class=\"wp-block-heading has-text-align-center fw-bold heading heading--2 mb-5\">Profesia days Bratislava 2026<\/h2>\n\n\n\n<div style=\"height:65px\" aria-hidden=\"true\" class=\"wp-block-spacer\"><\/div>\n\n\n\n<div class=\"wp-block-columns is-layout-flex wp-container-core-columns-is-layout-9d6595d7 wp-block-columns-is-layout-flex\">\n<div class=\"wp-block-column is-layout-flow wp-block-column-is-layout-flow\">\n<div class=\"wp-block-columns is-layout-flex wp-container-core-columns-is-layout-9d6595d7 wp-block-columns-is-layout-flex\">\n<div class=\"wp-block-column is-layout-flow wp-block-column-is-layout-flow\">\n<blockquote class=\"wp-block-quote is-layout-flow wp-block-quote-is-layout-flow\">\n<p class=\"text text--big text-color-senary\"><strong>16. ro\u010dn\u00edk najv\u00e4\u010d\u0161ieho festivalu pr\u00edle\u017eitost\u00ed na Slovensku sa vracia aj tento rok s overen\u00fdm konceptom,<\/strong>&nbsp;v\u010faka ktor\u00e9mu bude \u013eu\u010fom e\u0161te bli\u017e\u0161ie ako kedyko\u013evek predt\u00fdm. Bude postaven\u00fd na otvorenej komunik\u00e1cii medzi v\u0161etk\u00fdmi n\u00e1v\u0161tevn\u00edkmi, zamestn\u00e1vate\u013emi a odborn\u00edkmi z r\u00f4znych sf\u00e9r.<\/p>\n\n\n\n<p class=\"text text--big text-color-senary\">Ur\u010dite si odnesie\u0161 mno\u017estvo n\u00e1padov a in\u0161pir\u00e1cie, nov\u00e9 sk\u00fasenosti a mo\u017eno aj nov\u00fa pr\u00e1cu.&nbsp;<strong>V Bratislave sa na teba te\u0161\u00edme aj tento rok!<\/strong><\/p>\n<\/blockquote>\n<\/div>\n\n\n\n<div class=\"wp-block-column is-layout-flow wp-block-column-is-layout-flow\">\n<figure class=\"wp-block-image size-large is-style-rounded\"><img loading=\"lazy\" decoding=\"async\" width=\"1024\" height=\"683\" src=\"https:\/\/www.profesiadays.sk\/wp-content\/uploads\/2025\/01\/24_3M6A1900-1-1024x683.jpg\" alt=\"\" class=\"wp-image-5517\" srcset=\"https:\/\/www.profesiadays.sk\/wp-content\/uploads\/2025\/01\/24_3M6A1900-1-1024x683.jpg 1024w, https:\/\/www.profesiadays.sk\/wp-content\/uploads\/2025\/01\/24_3M6A1900-1-300x200.jpg 300w, https:\/\/www.profesiadays.sk\/wp-content\/uploads\/2025\/01\/24_3M6A1900-1-768x512.jpg 768w, https:\/\/www.profesiadays.sk\/wp-content\/uploads\/2025\/01\/24_3M6A1900-1.jpg 1200w\" sizes=\"auto, (max-width: 1024px) 100vw, 1024px\" \/><\/figure>\n<\/div>\n<\/div>\n<\/div>\n<\/div>\n\n\n\n<p><\/p>\n\n\n\n<div style=\"height:40px\" aria-hidden=\"true\" class=\"wp-block-spacer\"><\/div>\n\n\n\n<div class=\"wp-block-columns is-layout-flex wp-container-core-columns-is-layout-9d6595d7 wp-block-columns-is-layout-flex\">\n<div class=\"wp-block-column is-layout-flow wp-block-column-is-layout-flow\">\n<div class=\"wp-block-columns is-layout-flex wp-container-core-columns-is-layout-9d6595d7 wp-block-columns-is-layout-flex\">\n<div class=\"wp-block-column is-layout-flow wp-block-column-is-layout-flow\">\n<div class=\"wp-block-columns is-layout-flex wp-container-core-columns-is-layout-9d6595d7 wp-block-columns-is-layout-flex\">\n<div class=\"wp-block-column is-layout-flow wp-block-column-is-layout-flow\">\n<figure class=\"wp-block-image size-large is-style-rounded\"><img loading=\"lazy\" decoding=\"async\" width=\"1024\" height=\"683\" src=\"https:\/\/www.profesiadays.sk\/wp-content\/uploads\/2025\/01\/25_3M6A0020-1-1-1024x683.jpg\" alt=\"\" class=\"wp-image-5521\" srcset=\"https:\/\/www.profesiadays.sk\/wp-content\/uploads\/2025\/01\/25_3M6A0020-1-1-1024x683.jpg 1024w, https:\/\/www.profesiadays.sk\/wp-content\/uploads\/2025\/01\/25_3M6A0020-1-1-300x200.jpg 300w, https:\/\/www.profesiadays.sk\/wp-content\/uploads\/2025\/01\/25_3M6A0020-1-1-768x512.jpg 768w, https:\/\/www.profesiadays.sk\/wp-content\/uploads\/2025\/01\/25_3M6A0020-1-1.jpg 1200w\" sizes=\"auto, (max-width: 1024px) 100vw, 1024px\" \/><\/figure>\n\n\n\n<blockquote class=\"wp-block-quote is-layout-flow wp-block-quote-is-layout-flow\">\n<p><\/p>\n<\/blockquote>\n<\/div>\n\n\n\n<div class=\"wp-block-column is-layout-flow wp-block-column-is-layout-flow\">\n<blockquote class=\"wp-block-quote is-layout-flow wp-block-quote-is-layout-flow\">\n<p class=\"text text--big text-color-senary\">Po\u010das <strong>22. \u2013 23. apr\u00edla 2026 <\/strong>bude&nbsp;<a href=\"https:\/\/staratrznica.sk\/\">Star\u00e1 tr\u017enica<\/a>&nbsp;v Bratislave miestom pln\u00fdm in\u0161pir\u00e1cie s mo\u017enos\u0165ou otestova\u0165 a rozv\u00edja\u0165 svoje zru\u010dnosti alebo n\u00e1js\u0165 svoje vysn\u00edvan\u00e9 uplatnenie. V atrakt\u00edvnom, \u013eahko dostupnom priestore v centre mesta, bude \u010daka\u0165 na n\u00e1v\u0161tevn\u00edkov a n\u00e1v\u0161tevn\u00ed\u010dky cez 90 vystavovate\u013eov z najr\u00f4znej\u0161\u00edch oblast\u00ed, profesijn\u00e9 poradenstvo aj nov\u00e9 \u017eivotn\u00e9 pr\u00edle\u017eitosti.<\/p>\n<\/blockquote>\n<\/div>\n<\/div>\n<\/div>\n<\/div>\n<\/div>\n<\/div>\n\n\n\n<p class=\"text text--big text-color-senary\"><strong>Profesia days s\u00fa miestom, ktor\u00e9 ti v\u00fdrazne pom\u00f4\u017ee zorientova\u0165 sa na trhu pr\u00e1ce, otestuje tvoje predpoklady a prinesie mno\u017estvo zauj\u00edmav\u00fdch pracovn\u00fdch pr\u00edle\u017eitost\u00ed.<\/strong><\/p>\n\n\n\n<p><\/p>\n\n\n\n<div style=\"height:30px\" aria-hidden=\"true\" class=\"wp-block-spacer\"><\/div>\n\n\n\n<p><\/p>\n\n\n\n<div style=\"height:30px\" aria-hidden=\"true\" class=\"wp-block-spacer\"><\/div>\n","protected":false},"excerpt":{"rendered":"<p>Profesia days Bratislava 2026 16. ro\u010dn\u00edk najv\u00e4\u010d\u0161ieho festivalu pr\u00edle\u017eitost\u00ed na Slovensku sa vracia aj tento rok s overen\u00fdm konceptom,&nbsp;v\u010faka ktor\u00e9mu bude \u013eu\u010fom e\u0161te bli\u017e\u0161ie ako kedyko\u013evek predt\u00fdm. Bude postaven\u00fd na otvorenej komunik\u00e1cii medzi v\u0161etk\u00fdmi n\u00e1v\u0161tevn\u00edkmi, zamestn\u00e1vate\u013emi a odborn\u00edkmi z r\u00f4znych sf\u00e9r. Ur\u010dite si odnesie\u0161 mno\u017estvo n\u00e1padov a in\u0161pir\u00e1cie, nov\u00e9 sk\u00fasenosti a mo\u017eno aj nov\u00fa pr\u00e1cu.&nbsp;V [&hellip;]<\/p>\n","protected":false},"author":1,"featured_media":0,"parent":10,"menu_order":0,"comment_status":"closed","ping_status":"closed","template":"","meta":{"_acf_changed":false,"footnotes":""},"class_list":["post-1771","page","type-page","status-publish","hentry"],"acf":[],"yoast_head":"<!-- This site is optimized with the Yoast SEO plugin v24.4 - https:\/\/yoast.com\/wordpress\/plugins\/seo\/ -->\n<title>O akcii - Profesia Days<\/title>\n<meta name=\"robots\" content=\"index, follow, max-snippet:-1, max-image-preview:large, max-video-preview:-1\" \/>\n<link rel=\"canonical\" href=\"https:\/\/www.profesiadays.sk\/bratislava\/o-akcii\/\" \/>\n<meta property=\"og:locale\" content=\"en_US\" \/>\n<meta property=\"og:type\" content=\"article\" \/>\n<meta property=\"og:title\" content=\"O akcii - Profesia Days\" \/>\n<meta property=\"og:description\" content=\"Profesia days Bratislava 2026 16. ro\u010dn\u00edk najv\u00e4\u010d\u0161ieho festivalu pr\u00edle\u017eitost\u00ed na Slovensku sa vracia aj tento rok s overen\u00fdm konceptom,&nbsp;v\u010faka ktor\u00e9mu bude \u013eu\u010fom e\u0161te bli\u017e\u0161ie ako kedyko\u013evek predt\u00fdm. Bude postaven\u00fd na otvorenej komunik\u00e1cii medzi v\u0161etk\u00fdmi n\u00e1v\u0161tevn\u00edkmi, zamestn\u00e1vate\u013emi a odborn\u00edkmi z r\u00f4znych sf\u00e9r. Ur\u010dite si odnesie\u0161 mno\u017estvo n\u00e1padov a in\u0161pir\u00e1cie, nov\u00e9 sk\u00fasenosti a mo\u017eno aj nov\u00fa pr\u00e1cu.&nbsp;V [&hellip;]\" \/>\n<meta property=\"og:url\" content=\"https:\/\/www.profesiadays.sk\/bratislava\/o-akcii\/\" \/>\n<meta property=\"og:site_name\" content=\"Profesia Days\" \/>\n<meta property=\"article:modified_time\" content=\"2026-02-12T20:01:43+00:00\" \/>\n<meta property=\"og:image\" content=\"https:\/\/www.profesiadays.sk\/wp-content\/uploads\/2025\/01\/24_3M6A1900-1.jpg\" \/>\n\t<meta property=\"og:image:width\" content=\"1200\" \/>\n\t<meta property=\"og:image:height\" content=\"800\" \/>\n\t<meta property=\"og:image:type\" content=\"image\/jpeg\" \/>\n<meta name=\"twitter:card\" content=\"summary_large_image\" \/>\n<meta name=\"twitter:label1\" content=\"Est. reading time\" \/>\n\t<meta name=\"twitter:data1\" content=\"1 minute\" \/>\n<script type=\"application\/ld+json\" class=\"yoast-schema-graph\">{\"@context\":\"https:\/\/schema.org\",\"@graph\":[{\"@type\":\"WebPage\",\"@id\":\"https:\/\/www.profesiadays.sk\/bratislava\/o-akcii\/\",\"url\":\"https:\/\/www.profesiadays.sk\/bratislava\/o-akcii\/\",\"name\":\"O akcii - Profesia Days\",\"isPartOf\":{\"@id\":\"https:\/\/www.profesiadays.sk\/#website\"},\"primaryImageOfPage\":{\"@id\":\"https:\/\/www.profesiadays.sk\/bratislava\/o-akcii\/#primaryimage\"},\"image\":{\"@id\":\"https:\/\/www.profesiadays.sk\/bratislava\/o-akcii\/#primaryimage\"},\"thumbnailUrl\":\"https:\/\/www.profesiadays.sk\/wp-content\/uploads\/2025\/01\/24_3M6A1900-1-1024x683.jpg\",\"datePublished\":\"2024-02-15T12:34:05+00:00\",\"dateModified\":\"2026-02-12T20:01:43+00:00\",\"breadcrumb\":{\"@id\":\"https:\/\/www.profesiadays.sk\/bratislava\/o-akcii\/#breadcrumb\"},\"inLanguage\":\"en-US\",\"potentialAction\":[{\"@type\":\"ReadAction\",\"target\":[\"https:\/\/www.profesiadays.sk\/bratislava\/o-akcii\/\"]}]},{\"@type\":\"ImageObject\",\"inLanguage\":\"en-US\",\"@id\":\"https:\/\/www.profesiadays.sk\/bratislava\/o-akcii\/#primaryimage\",\"url\":\"https:\/\/www.profesiadays.sk\/wp-content\/uploads\/2025\/01\/24_3M6A1900-1-1024x683.jpg\",\"contentUrl\":\"https:\/\/www.profesiadays.sk\/wp-content\/uploads\/2025\/01\/24_3M6A1900-1-1024x683.jpg\"},{\"@type\":\"BreadcrumbList\",\"@id\":\"https:\/\/www.profesiadays.sk\/bratislava\/o-akcii\/#breadcrumb\",\"itemListElement\":[{\"@type\":\"ListItem\",\"position\":1,\"name\":\"Dom\u016f\",\"item\":\"https:\/\/www.profesiadays.sk\/\"},{\"@type\":\"ListItem\",\"position\":2,\"name\":\"Bratislava\",\"item\":\"https:\/\/www.profesiadays.sk\/\"},{\"@type\":\"ListItem\",\"position\":3,\"name\":\"O akcii\"}]},{\"@type\":\"WebSite\",\"@id\":\"https:\/\/www.profesiadays.sk\/#website\",\"url\":\"https:\/\/www.profesiadays.sk\/\",\"name\":\"Profesia Days\",\"description\":\"Profesia days\",\"potentialAction\":[{\"@type\":\"SearchAction\",\"target\":{\"@type\":\"EntryPoint\",\"urlTemplate\":\"https:\/\/www.profesiadays.sk\/?s={search_term_string}\"},\"query-input\":{\"@type\":\"PropertyValueSpecification\",\"valueRequired\":true,\"valueName\":\"search_term_string\"}}],\"inLanguage\":\"en-US\"}]}<\/script>\n<!-- \/ Yoast SEO plugin. -->","yoast_head_json":{"title":"O akcii - Profesia Days","robots":{"index":"index","follow":"follow","max-snippet":"max-snippet:-1","max-image-preview":"max-image-preview:large","max-video-preview":"max-video-preview:-1"},"canonical":"https:\/\/www.profesiadays.sk\/bratislava\/o-akcii\/","og_locale":"en_US","og_type":"article","og_title":"O akcii - Profesia Days","og_description":"Profesia days Bratislava 2026 16. ro\u010dn\u00edk najv\u00e4\u010d\u0161ieho festivalu pr\u00edle\u017eitost\u00ed na Slovensku sa vracia aj tento rok s overen\u00fdm konceptom,&nbsp;v\u010faka ktor\u00e9mu bude \u013eu\u010fom e\u0161te bli\u017e\u0161ie ako kedyko\u013evek predt\u00fdm. Bude postaven\u00fd na otvorenej komunik\u00e1cii medzi v\u0161etk\u00fdmi n\u00e1v\u0161tevn\u00edkmi, zamestn\u00e1vate\u013emi a odborn\u00edkmi z r\u00f4znych sf\u00e9r. Ur\u010dite si odnesie\u0161 mno\u017estvo n\u00e1padov a in\u0161pir\u00e1cie, nov\u00e9 sk\u00fasenosti a mo\u017eno aj nov\u00fa pr\u00e1cu.&nbsp;V [&hellip;]","og_url":"https:\/\/www.profesiadays.sk\/bratislava\/o-akcii\/","og_site_name":"Profesia Days","article_modified_time":"2026-02-12T20:01:43+00:00","og_image":[{"width":1200,"height":800,"url":"https:\/\/www.profesiadays.sk\/wp-content\/uploads\/2025\/01\/24_3M6A1900-1.jpg","type":"image\/jpeg"}],"twitter_card":"summary_large_image","twitter_misc":{"Est. reading time":"1 minute"},"schema":{"@context":"https:\/\/schema.org","@graph":[{"@type":"WebPage","@id":"https:\/\/www.profesiadays.sk\/bratislava\/o-akcii\/","url":"https:\/\/www.profesiadays.sk\/bratislava\/o-akcii\/","name":"O akcii - Profesia Days","isPartOf":{"@id":"https:\/\/www.profesiadays.sk\/#website"},"primaryImageOfPage":{"@id":"https:\/\/www.profesiadays.sk\/bratislava\/o-akcii\/#primaryimage"},"image":{"@id":"https:\/\/www.profesiadays.sk\/bratislava\/o-akcii\/#primaryimage"},"thumbnailUrl":"https:\/\/www.profesiadays.sk\/wp-content\/uploads\/2025\/01\/24_3M6A1900-1-1024x683.jpg","datePublished":"2024-02-15T12:34:05+00:00","dateModified":"2026-02-12T20:01:43+00:00","breadcrumb":{"@id":"https:\/\/www.profesiadays.sk\/bratislava\/o-akcii\/#breadcrumb"},"inLanguage":"en-US","potentialAction":[{"@type":"ReadAction","target":["https:\/\/www.profesiadays.sk\/bratislava\/o-akcii\/"]}]},{"@type":"ImageObject","inLanguage":"en-US","@id":"https:\/\/www.profesiadays.sk\/bratislava\/o-akcii\/#primaryimage","url":"https:\/\/www.profesiadays.sk\/wp-content\/uploads\/2025\/01\/24_3M6A1900-1-1024x683.jpg","contentUrl":"https:\/\/www.profesiadays.sk\/wp-content\/uploads\/2025\/01\/24_3M6A1900-1-1024x683.jpg"},{"@type":"BreadcrumbList","@id":"https:\/\/www.profesiadays.sk\/bratislava\/o-akcii\/#breadcrumb","itemListElement":[{"@type":"ListItem","position":1,"name":"Dom\u016f","item":"https:\/\/www.profesiadays.sk\/"},{"@type":"ListItem","position":2,"name":"Bratislava","item":"https:\/\/www.profesiadays.sk\/"},{"@type":"ListItem","position":3,"name":"O akcii"}]},{"@type":"WebSite","@id":"https:\/\/www.profesiadays.sk\/#website","url":"https:\/\/www.profesiadays.sk\/","name":"Profesia Days","description":"Profesia days","potentialAction":[{"@type":"SearchAction","target":{"@type":"EntryPoint","urlTemplate":"https:\/\/www.profesiadays.sk\/?s={search_term_string}"},"query-input":{"@type":"PropertyValueSpecification","valueRequired":true,"valueName":"search_term_string"}}],"inLanguage":"en-US"}]}},"_links":{"self":[{"href":"https:\/\/www.profesiadays.sk\/en\/wp-json\/wp\/v2\/pages\/1771","targetHints":{"allow":["GET"]}}],"collection":[{"href":"https:\/\/www.profesiadays.sk\/en\/wp-json\/wp\/v2\/pages"}],"about":[{"href":"https:\/\/www.profesiadays.sk\/en\/wp-json\/wp\/v2\/types\/page"}],"author":[{"embeddable":true,"href":"https:\/\/www.profesiadays.sk\/en\/wp-json\/wp\/v2\/users\/1"}],"replies":[{"embeddable":true,"href":"https:\/\/www.profesiadays.sk\/en\/wp-json\/wp\/v2\/comments?post=1771"}],"version-history":[{"count":35,"href":"https:\/\/www.profesiadays.sk\/en\/wp-json\/wp\/v2\/pages\/1771\/revisions"}],"predecessor-version":[{"id":11146,"href":"https:\/\/www.profesiadays.sk\/en\/wp-json\/wp\/v2\/pages\/1771\/revisions\/11146"}],"up":[{"embeddable":true,"href":"https:\/\/www.profesiadays.sk\/en\/wp-json\/wp\/v2\/pages\/10"}],"wp:attachment":[{"href":"https:\/\/www.profesiadays.sk\/en\/wp-json\/wp\/v2\/media?parent=1771"}],"curies":[{"name":"wp","href":"https:\/\/api.w.org\/{rel}","templated":true}]}}