{"id":2353,"date":"2024-04-03T07:06:59","date_gmt":"2024-04-03T07:06:59","guid":{"rendered":"https:\/\/www.profesiadays.sk\/?page_id=2353"},"modified":"2026-04-13T12:37:18","modified_gmt":"2026-04-13T12:37:18","slug":"ako-sa-k-nam-dostanes","status":"publish","type":"page","link":"https:\/\/www.profesiadays.sk\/en\/ako-sa-k-nam-dostanes\/","title":{"rendered":"Ako sa k n\u00e1m dostane\u0161?"},"content":{"rendered":"\n<h1 class=\"wp-block-heading has-text-align-center\"><\/h1>\n\n\n\n<div class=\"wp-block-columns is-layout-flex wp-container-core-columns-is-layout-9d6595d7 wp-block-columns-is-layout-flex\">\n<div class=\"wp-block-column is-layout-flow wp-block-column-is-layout-flow\">\n<div class=\"wp-block-columns is-layout-flex wp-container-core-columns-is-layout-9d6595d7 wp-block-columns-is-layout-flex\">\n<div class=\"wp-block-column is-layout-flow wp-block-column-is-layout-flow\">\n<blockquote class=\"wp-block-quote is-layout-flow wp-block-quote-is-layout-flow\">\n<blockquote class=\"wp-block-quote is-layout-flow wp-block-quote-is-layout-flow\">\n<p class=\"text text--big text-color-senary\">Star\u00e1 tr\u017enica sa nach\u00e1dza priamo v centre Bratislavy na N\u00e1mest\u00ed Ne\u017enej revol\u00facie.<\/p>\n\n\n\n<p class=\"text text--big text-color-senary\">V s\u00favislosti s prebiehaj\u00facou rekon\u0161trukciou n\u00e1mestia pred Starou tr\u017enicou<strong> m\u00f4\u017ee by\u0165 do\u010dasne obmedzen\u00e1 dostupnos\u0165 niektor\u00fdch zast\u00e1vok MHD v jej bezprostrednom okol\u00ed. <\/strong><\/p>\n\n\n\n<p class=\"text text--big text-color-senary\">Najbli\u017e\u0161ia dostupn\u00e1 zast\u00e1vka by sa mala nach\u00e1dza\u0165 <strong>v oblasti Kamenn\u00e9ho n\u00e1mestia (pri Tescu)<\/strong>.<\/p>\n\n\n\n<p class=\"text text--big text-color-senary\">Odpor\u00fa\u010dame si preto <strong>pred cestou overi\u0165 aktu\u00e1lne spojenia a zast\u00e1vky<\/strong>. Aktu\u00e1lne spojenia n\u00e1jde\u0161 na <a href=\"http:\/\/www.cp.sk\">www.cp.sk<\/a>.<\/p>\n<\/blockquote>\n<\/blockquote>\n<\/div>\n\n\n\n<div class=\"wp-block-column is-layout-flow wp-block-column-is-layout-flow\">\n<iframe src=\"https:\/\/www.google.com\/maps\/embed?pb=!1m18!1m12!1m3!1d2436.895295503087!2d17.10902037595744!3d48.14470285066571!2m3!1f0!2f0!3f0!3m2!1i1024!2i768!4f13.1!3m3!1m2!1s0x476c8943746b35a9%3A0x5c6ae2185c22d173!2zU3RhcsOhIHRyxb5uaWNh!5e1!3m2!1ssk!2ssk!4v1737369650826!5m2!1ssk!2ssk\" width=\"600\" height=\"450\" style=\"border:0;\" allowfullscreen=\"\" loading=\"lazy\" referrerpolicy=\"no-referrer-when-downgrade\"><\/iframe>\n\n\n\n<blockquote class=\"wp-block-quote is-layout-flow wp-block-quote-is-layout-flow\">\n<p><\/p>\n<\/blockquote>\n<\/div>\n<\/div>\n<\/div>\n<\/div>\n\n\n\n<p><\/p>\n","protected":false},"excerpt":{"rendered":"<p>Star\u00e1 tr\u017enica sa nach\u00e1dza priamo v centre Bratislavy na N\u00e1mest\u00ed Ne\u017enej revol\u00facie. V s\u00favislosti s prebiehaj\u00facou rekon\u0161trukciou n\u00e1mestia pred Starou tr\u017enicou m\u00f4\u017ee by\u0165 do\u010dasne obmedzen\u00e1 dostupnos\u0165 niektor\u00fdch zast\u00e1vok MHD v jej bezprostrednom okol\u00ed. Najbli\u017e\u0161ia dostupn\u00e1 zast\u00e1vka by sa mala nach\u00e1dza\u0165 v oblasti Kamenn\u00e9ho n\u00e1mestia (pri Tescu). Odpor\u00fa\u010dame si preto pred cestou overi\u0165 aktu\u00e1lne spojenia a [&hellip;]<\/p>\n","protected":false},"author":5,"featured_media":0,"parent":0,"menu_order":0,"comment_status":"closed","ping_status":"closed","template":"","meta":{"_acf_changed":false,"footnotes":""},"class_list":["post-2353","page","type-page","status-publish","hentry"],"acf":[],"yoast_head":"<!-- This site is optimized with the Yoast SEO plugin v24.4 - https:\/\/yoast.com\/wordpress\/plugins\/seo\/ -->\n<title>Ako sa k n\u00e1m dostane\u0161? - Profesia Days<\/title>\n<meta name=\"robots\" content=\"index, follow, max-snippet:-1, max-image-preview:large, max-video-preview:-1\" \/>\n<link rel=\"canonical\" href=\"https:\/\/www.profesiadays.sk\/ako-sa-k-nam-dostanes\/\" \/>\n<meta property=\"og:locale\" content=\"en_US\" \/>\n<meta property=\"og:type\" content=\"article\" \/>\n<meta property=\"og:title\" content=\"Ako sa k n\u00e1m dostane\u0161? - Profesia Days\" \/>\n<meta property=\"og:description\" content=\"Star\u00e1 tr\u017enica sa nach\u00e1dza priamo v centre Bratislavy na N\u00e1mest\u00ed Ne\u017enej revol\u00facie. V s\u00favislosti s prebiehaj\u00facou rekon\u0161trukciou n\u00e1mestia pred Starou tr\u017enicou m\u00f4\u017ee by\u0165 do\u010dasne obmedzen\u00e1 dostupnos\u0165 niektor\u00fdch zast\u00e1vok MHD v jej bezprostrednom okol\u00ed. Najbli\u017e\u0161ia dostupn\u00e1 zast\u00e1vka by sa mala nach\u00e1dza\u0165 v oblasti Kamenn\u00e9ho n\u00e1mestia (pri Tescu). Odpor\u00fa\u010dame si preto pred cestou overi\u0165 aktu\u00e1lne spojenia a [&hellip;]\" \/>\n<meta property=\"og:url\" content=\"https:\/\/www.profesiadays.sk\/ako-sa-k-nam-dostanes\/\" \/>\n<meta property=\"og:site_name\" content=\"Profesia Days\" \/>\n<meta property=\"article:modified_time\" content=\"2026-04-13T12:37:18+00:00\" \/>\n<meta property=\"og:image\" content=\"https:\/\/www.profesiadays.sk\/wp-content\/uploads\/2024\/01\/article_2.jpeg\" \/>\n\t<meta property=\"og:image:width\" content=\"1200\" \/>\n\t<meta property=\"og:image:height\" content=\"800\" \/>\n\t<meta property=\"og:image:type\" content=\"image\/jpeg\" \/>\n<meta name=\"twitter:card\" content=\"summary_large_image\" \/>\n<script type=\"application\/ld+json\" class=\"yoast-schema-graph\">{\"@context\":\"https:\/\/schema.org\",\"@graph\":[{\"@type\":\"WebPage\",\"@id\":\"https:\/\/www.profesiadays.sk\/ako-sa-k-nam-dostanes\/\",\"url\":\"https:\/\/www.profesiadays.sk\/ako-sa-k-nam-dostanes\/\",\"name\":\"Ako sa k n\u00e1m dostane\u0161? - Profesia Days\",\"isPartOf\":{\"@id\":\"https:\/\/www.profesiadays.sk\/#website\"},\"datePublished\":\"2024-04-03T07:06:59+00:00\",\"dateModified\":\"2026-04-13T12:37:18+00:00\",\"breadcrumb\":{\"@id\":\"https:\/\/www.profesiadays.sk\/ako-sa-k-nam-dostanes\/#breadcrumb\"},\"inLanguage\":\"en-US\",\"potentialAction\":[{\"@type\":\"ReadAction\",\"target\":[\"https:\/\/www.profesiadays.sk\/ako-sa-k-nam-dostanes\/\"]}]},{\"@type\":\"BreadcrumbList\",\"@id\":\"https:\/\/www.profesiadays.sk\/ako-sa-k-nam-dostanes\/#breadcrumb\",\"itemListElement\":[{\"@type\":\"ListItem\",\"position\":1,\"name\":\"Dom\u016f\",\"item\":\"https:\/\/www.profesiadays.sk\/\"},{\"@type\":\"ListItem\",\"position\":2,\"name\":\"Ako sa k n\u00e1m dostane\u0161?\"}]},{\"@type\":\"WebSite\",\"@id\":\"https:\/\/www.profesiadays.sk\/#website\",\"url\":\"https:\/\/www.profesiadays.sk\/\",\"name\":\"Profesia Days\",\"description\":\"Profesia days\",\"potentialAction\":[{\"@type\":\"SearchAction\",\"target\":{\"@type\":\"EntryPoint\",\"urlTemplate\":\"https:\/\/www.profesiadays.sk\/?s={search_term_string}\"},\"query-input\":{\"@type\":\"PropertyValueSpecification\",\"valueRequired\":true,\"valueName\":\"search_term_string\"}}],\"inLanguage\":\"en-US\"}]}<\/script>\n<!-- \/ Yoast SEO plugin. -->","yoast_head_json":{"title":"Ako sa k n\u00e1m dostane\u0161? - Profesia Days","robots":{"index":"index","follow":"follow","max-snippet":"max-snippet:-1","max-image-preview":"max-image-preview:large","max-video-preview":"max-video-preview:-1"},"canonical":"https:\/\/www.profesiadays.sk\/ako-sa-k-nam-dostanes\/","og_locale":"en_US","og_type":"article","og_title":"Ako sa k n\u00e1m dostane\u0161? - Profesia Days","og_description":"Star\u00e1 tr\u017enica sa nach\u00e1dza priamo v centre Bratislavy na N\u00e1mest\u00ed Ne\u017enej revol\u00facie. V s\u00favislosti s prebiehaj\u00facou rekon\u0161trukciou n\u00e1mestia pred Starou tr\u017enicou m\u00f4\u017ee by\u0165 do\u010dasne obmedzen\u00e1 dostupnos\u0165 niektor\u00fdch zast\u00e1vok MHD v jej bezprostrednom okol\u00ed. Najbli\u017e\u0161ia dostupn\u00e1 zast\u00e1vka by sa mala nach\u00e1dza\u0165 v oblasti Kamenn\u00e9ho n\u00e1mestia (pri Tescu). Odpor\u00fa\u010dame si preto pred cestou overi\u0165 aktu\u00e1lne spojenia a [&hellip;]","og_url":"https:\/\/www.profesiadays.sk\/ako-sa-k-nam-dostanes\/","og_site_name":"Profesia Days","article_modified_time":"2026-04-13T12:37:18+00:00","og_image":[{"width":1200,"height":800,"url":"https:\/\/www.profesiadays.sk\/wp-content\/uploads\/2024\/01\/article_2.jpeg","type":"image\/jpeg"}],"twitter_card":"summary_large_image","schema":{"@context":"https:\/\/schema.org","@graph":[{"@type":"WebPage","@id":"https:\/\/www.profesiadays.sk\/ako-sa-k-nam-dostanes\/","url":"https:\/\/www.profesiadays.sk\/ako-sa-k-nam-dostanes\/","name":"Ako sa k n\u00e1m dostane\u0161? - Profesia Days","isPartOf":{"@id":"https:\/\/www.profesiadays.sk\/#website"},"datePublished":"2024-04-03T07:06:59+00:00","dateModified":"2026-04-13T12:37:18+00:00","breadcrumb":{"@id":"https:\/\/www.profesiadays.sk\/ako-sa-k-nam-dostanes\/#breadcrumb"},"inLanguage":"en-US","potentialAction":[{"@type":"ReadAction","target":["https:\/\/www.profesiadays.sk\/ako-sa-k-nam-dostanes\/"]}]},{"@type":"BreadcrumbList","@id":"https:\/\/www.profesiadays.sk\/ako-sa-k-nam-dostanes\/#breadcrumb","itemListElement":[{"@type":"ListItem","position":1,"name":"Dom\u016f","item":"https:\/\/www.profesiadays.sk\/"},{"@type":"ListItem","position":2,"name":"Ako sa k n\u00e1m dostane\u0161?"}]},{"@type":"WebSite","@id":"https:\/\/www.profesiadays.sk\/#website","url":"https:\/\/www.profesiadays.sk\/","name":"Profesia Days","description":"Profesia days","potentialAction":[{"@type":"SearchAction","target":{"@type":"EntryPoint","urlTemplate":"https:\/\/www.profesiadays.sk\/?s={search_term_string}"},"query-input":{"@type":"PropertyValueSpecification","valueRequired":true,"valueName":"search_term_string"}}],"inLanguage":"en-US"}]}},"_links":{"self":[{"href":"https:\/\/www.profesiadays.sk\/en\/wp-json\/wp\/v2\/pages\/2353","targetHints":{"allow":["GET"]}}],"collection":[{"href":"https:\/\/www.profesiadays.sk\/en\/wp-json\/wp\/v2\/pages"}],"about":[{"href":"https:\/\/www.profesiadays.sk\/en\/wp-json\/wp\/v2\/types\/page"}],"author":[{"embeddable":true,"href":"https:\/\/www.profesiadays.sk\/en\/wp-json\/wp\/v2\/users\/5"}],"replies":[{"embeddable":true,"href":"https:\/\/www.profesiadays.sk\/en\/wp-json\/wp\/v2\/comments?post=2353"}],"version-history":[{"count":22,"href":"https:\/\/www.profesiadays.sk\/en\/wp-json\/wp\/v2\/pages\/2353\/revisions"}],"predecessor-version":[{"id":11430,"href":"https:\/\/www.profesiadays.sk\/en\/wp-json\/wp\/v2\/pages\/2353\/revisions\/11430"}],"wp:attachment":[{"href":"https:\/\/www.profesiadays.sk\/en\/wp-json\/wp\/v2\/media?parent=2353"}],"curies":[{"name":"wp","href":"https:\/\/api.w.org\/{rel}","templated":true}]}}