{"id":2355,"date":"2024-04-03T08:55:05","date_gmt":"2024-04-03T08:55:05","guid":{"rendered":"https:\/\/www.profesiadays.sk\/?page_id=2355"},"modified":"2026-04-17T09:26:11","modified_gmt":"2026-04-17T09:26:11","slug":"miesto-konania-stara-trznica","status":"publish","type":"page","link":"https:\/\/www.profesiadays.sk\/en\/miesto-konania-stara-trznica\/","title":{"rendered":"Miesto konania"},"content":{"rendered":"\n<h2 class=\"wp-block-heading has-text-align-center\">Star\u00e1 tr\u017enica<\/h2>\n\n\n\n<div style=\"height:50px\" aria-hidden=\"true\" class=\"wp-block-spacer\"><\/div>\n\n\n\n<div class=\"wp-block-columns is-layout-flex wp-container-core-columns-is-layout-9d6595d7 wp-block-columns-is-layout-flex\">\n<div class=\"wp-block-column is-layout-flow wp-block-column-is-layout-flow\">\n<div class=\"wp-block-columns is-layout-flex wp-container-core-columns-is-layout-9d6595d7 wp-block-columns-is-layout-flex\">\n<div class=\"wp-block-column is-layout-flow wp-block-column-is-layout-flow\">\n<p class=\"text text--big text-color-senary\">Profesia Days Bratislava sa konaj\u00fa <strong>v historickej budove Starej tr\u017enice<\/strong> v centre hlavn\u00e9ho mesta. Tento ikonick\u00fd priestor pon\u00faka ve\u013ekorys\u00fa kapacitu, modern\u00e9 technick\u00e9 z\u00e1zemie a v\u00fdborn\u00fa dostupnos\u0165 ak\u00fdmko\u013evek sp\u00f4sobom dopravy.<\/p>\n\n\n\n<p class=\"text text--big text-color-senary\">Pod jednou strechou tu n\u00e1jde\u0161 desiatky zamestn\u00e1vate\u013eov, in\u0161pirat\u00edvny program aj priestor na osobn\u00e9 rozhovory. Historick\u00e1 atmosf\u00e9ra tr\u017enice spolu s modern\u00fdm eventov\u00fdm z\u00e1zem\u00edm vytv\u00e1ra ide\u00e1lne prostredie na nov\u00e9 pr\u00edle\u017eitosti.<\/p>\n\n\n\n<p class=\"text text--big text-color-senary\">Pozri si,\u00a0<a href=\"https:\/\/www.profesiadays.sk\/ako-sa-k-nam-dostanes\/\">ako sa k n\u00e1m dostane\u0161<\/a>.\u00a0<\/p>\n<\/div>\n\n\n\n<div class=\"wp-block-column is-layout-flow wp-block-column-is-layout-flow\">\n<figure class=\"wp-block-image size-large is-style-rounded\"><img loading=\"lazy\" decoding=\"async\" width=\"1024\" height=\"683\" src=\"https:\/\/www.profesiadays.sk\/wp-content\/uploads\/2025\/01\/25_3M6A1064-1-1024x683.jpg\" alt=\"\" class=\"wp-image-5572\" srcset=\"https:\/\/www.profesiadays.sk\/wp-content\/uploads\/2025\/01\/25_3M6A1064-1-1024x683.jpg 1024w, https:\/\/www.profesiadays.sk\/wp-content\/uploads\/2025\/01\/25_3M6A1064-1-300x200.jpg 300w, https:\/\/www.profesiadays.sk\/wp-content\/uploads\/2025\/01\/25_3M6A1064-1-768x512.jpg 768w, https:\/\/www.profesiadays.sk\/wp-content\/uploads\/2025\/01\/25_3M6A1064-1.jpg 1200w\" sizes=\"auto, (max-width: 1024px) 100vw, 1024px\" \/><\/figure>\n<\/div>\n<\/div>\n<\/div>\n<\/div>\n\n\n\n<p class=\"text text--big text-color-senary\"><\/p>\n","protected":false},"excerpt":{"rendered":"<p>Star\u00e1 tr\u017enica Profesia Days Bratislava sa konaj\u00fa v historickej budove Starej tr\u017enice v centre hlavn\u00e9ho mesta. Tento ikonick\u00fd priestor pon\u00faka ve\u013ekorys\u00fa kapacitu, modern\u00e9 technick\u00e9 z\u00e1zemie a v\u00fdborn\u00fa dostupnos\u0165 ak\u00fdmko\u013evek sp\u00f4sobom dopravy. Pod jednou strechou tu n\u00e1jde\u0161 desiatky zamestn\u00e1vate\u013eov, in\u0161pirat\u00edvny program aj priestor na osobn\u00e9 rozhovory. Historick\u00e1 atmosf\u00e9ra tr\u017enice spolu s modern\u00fdm eventov\u00fdm z\u00e1zem\u00edm vytv\u00e1ra ide\u00e1lne [&hellip;]<\/p>\n","protected":false},"author":5,"featured_media":0,"parent":0,"menu_order":0,"comment_status":"closed","ping_status":"closed","template":"","meta":{"_acf_changed":false,"footnotes":""},"class_list":["post-2355","page","type-page","status-publish","hentry"],"acf":[],"yoast_head":"<!-- This site is optimized with the Yoast SEO plugin v24.4 - https:\/\/yoast.com\/wordpress\/plugins\/seo\/ -->\n<title>Miesto konania - Profesia Days<\/title>\n<meta name=\"robots\" content=\"index, follow, max-snippet:-1, max-image-preview:large, max-video-preview:-1\" \/>\n<link rel=\"canonical\" href=\"https:\/\/www.profesiadays.sk\/miesto-konania-stara-trznica\/\" \/>\n<meta property=\"og:locale\" content=\"en_US\" \/>\n<meta property=\"og:type\" content=\"article\" \/>\n<meta property=\"og:title\" content=\"Miesto konania - Profesia Days\" \/>\n<meta property=\"og:description\" content=\"Star\u00e1 tr\u017enica Profesia Days Bratislava sa konaj\u00fa v historickej budove Starej tr\u017enice v centre hlavn\u00e9ho mesta. Tento ikonick\u00fd priestor pon\u00faka ve\u013ekorys\u00fa kapacitu, modern\u00e9 technick\u00e9 z\u00e1zemie a v\u00fdborn\u00fa dostupnos\u0165 ak\u00fdmko\u013evek sp\u00f4sobom dopravy. Pod jednou strechou tu n\u00e1jde\u0161 desiatky zamestn\u00e1vate\u013eov, in\u0161pirat\u00edvny program aj priestor na osobn\u00e9 rozhovory. Historick\u00e1 atmosf\u00e9ra tr\u017enice spolu s modern\u00fdm eventov\u00fdm z\u00e1zem\u00edm vytv\u00e1ra ide\u00e1lne [&hellip;]\" \/>\n<meta property=\"og:url\" content=\"https:\/\/www.profesiadays.sk\/miesto-konania-stara-trznica\/\" \/>\n<meta property=\"og:site_name\" content=\"Profesia Days\" \/>\n<meta property=\"article:modified_time\" content=\"2026-04-17T09:26:11+00:00\" \/>\n<meta property=\"og:image\" content=\"https:\/\/www.profesiadays.sk\/wp-content\/uploads\/2025\/01\/25_3M6A1064-1.jpg\" \/>\n\t<meta property=\"og:image:width\" content=\"1200\" \/>\n\t<meta property=\"og:image:height\" content=\"800\" \/>\n\t<meta property=\"og:image:type\" content=\"image\/jpeg\" \/>\n<meta name=\"twitter:card\" content=\"summary_large_image\" \/>\n<meta name=\"twitter:label1\" content=\"Est. reading time\" \/>\n\t<meta name=\"twitter:data1\" content=\"1 minute\" \/>\n<script type=\"application\/ld+json\" class=\"yoast-schema-graph\">{\"@context\":\"https:\/\/schema.org\",\"@graph\":[{\"@type\":\"WebPage\",\"@id\":\"https:\/\/www.profesiadays.sk\/miesto-konania-stara-trznica\/\",\"url\":\"https:\/\/www.profesiadays.sk\/miesto-konania-stara-trznica\/\",\"name\":\"Miesto konania - Profesia Days\",\"isPartOf\":{\"@id\":\"https:\/\/www.profesiadays.sk\/#website\"},\"primaryImageOfPage\":{\"@id\":\"https:\/\/www.profesiadays.sk\/miesto-konania-stara-trznica\/#primaryimage\"},\"image\":{\"@id\":\"https:\/\/www.profesiadays.sk\/miesto-konania-stara-trznica\/#primaryimage\"},\"thumbnailUrl\":\"https:\/\/www.profesiadays.sk\/wp-content\/uploads\/2025\/01\/25_3M6A1064-1-1024x683.jpg\",\"datePublished\":\"2024-04-03T08:55:05+00:00\",\"dateModified\":\"2026-04-17T09:26:11+00:00\",\"breadcrumb\":{\"@id\":\"https:\/\/www.profesiadays.sk\/miesto-konania-stara-trznica\/#breadcrumb\"},\"inLanguage\":\"en-US\",\"potentialAction\":[{\"@type\":\"ReadAction\",\"target\":[\"https:\/\/www.profesiadays.sk\/miesto-konania-stara-trznica\/\"]}]},{\"@type\":\"ImageObject\",\"inLanguage\":\"en-US\",\"@id\":\"https:\/\/www.profesiadays.sk\/miesto-konania-stara-trznica\/#primaryimage\",\"url\":\"https:\/\/www.profesiadays.sk\/wp-content\/uploads\/2025\/01\/25_3M6A1064-1-1024x683.jpg\",\"contentUrl\":\"https:\/\/www.profesiadays.sk\/wp-content\/uploads\/2025\/01\/25_3M6A1064-1-1024x683.jpg\"},{\"@type\":\"BreadcrumbList\",\"@id\":\"https:\/\/www.profesiadays.sk\/miesto-konania-stara-trznica\/#breadcrumb\",\"itemListElement\":[{\"@type\":\"ListItem\",\"position\":1,\"name\":\"Dom\u016f\",\"item\":\"https:\/\/www.profesiadays.sk\/\"},{\"@type\":\"ListItem\",\"position\":2,\"name\":\"Miesto konania\"}]},{\"@type\":\"WebSite\",\"@id\":\"https:\/\/www.profesiadays.sk\/#website\",\"url\":\"https:\/\/www.profesiadays.sk\/\",\"name\":\"Profesia Days\",\"description\":\"Profesia days\",\"potentialAction\":[{\"@type\":\"SearchAction\",\"target\":{\"@type\":\"EntryPoint\",\"urlTemplate\":\"https:\/\/www.profesiadays.sk\/?s={search_term_string}\"},\"query-input\":{\"@type\":\"PropertyValueSpecification\",\"valueRequired\":true,\"valueName\":\"search_term_string\"}}],\"inLanguage\":\"en-US\"}]}<\/script>\n<!-- \/ Yoast SEO plugin. -->","yoast_head_json":{"title":"Miesto konania - Profesia Days","robots":{"index":"index","follow":"follow","max-snippet":"max-snippet:-1","max-image-preview":"max-image-preview:large","max-video-preview":"max-video-preview:-1"},"canonical":"https:\/\/www.profesiadays.sk\/miesto-konania-stara-trznica\/","og_locale":"en_US","og_type":"article","og_title":"Miesto konania - Profesia Days","og_description":"Star\u00e1 tr\u017enica Profesia Days Bratislava sa konaj\u00fa v historickej budove Starej tr\u017enice v centre hlavn\u00e9ho mesta. Tento ikonick\u00fd priestor pon\u00faka ve\u013ekorys\u00fa kapacitu, modern\u00e9 technick\u00e9 z\u00e1zemie a v\u00fdborn\u00fa dostupnos\u0165 ak\u00fdmko\u013evek sp\u00f4sobom dopravy. Pod jednou strechou tu n\u00e1jde\u0161 desiatky zamestn\u00e1vate\u013eov, in\u0161pirat\u00edvny program aj priestor na osobn\u00e9 rozhovory. Historick\u00e1 atmosf\u00e9ra tr\u017enice spolu s modern\u00fdm eventov\u00fdm z\u00e1zem\u00edm vytv\u00e1ra ide\u00e1lne [&hellip;]","og_url":"https:\/\/www.profesiadays.sk\/miesto-konania-stara-trznica\/","og_site_name":"Profesia Days","article_modified_time":"2026-04-17T09:26:11+00:00","og_image":[{"width":1200,"height":800,"url":"https:\/\/www.profesiadays.sk\/wp-content\/uploads\/2025\/01\/25_3M6A1064-1.jpg","type":"image\/jpeg"}],"twitter_card":"summary_large_image","twitter_misc":{"Est. reading time":"1 minute"},"schema":{"@context":"https:\/\/schema.org","@graph":[{"@type":"WebPage","@id":"https:\/\/www.profesiadays.sk\/miesto-konania-stara-trznica\/","url":"https:\/\/www.profesiadays.sk\/miesto-konania-stara-trznica\/","name":"Miesto konania - Profesia Days","isPartOf":{"@id":"https:\/\/www.profesiadays.sk\/#website"},"primaryImageOfPage":{"@id":"https:\/\/www.profesiadays.sk\/miesto-konania-stara-trznica\/#primaryimage"},"image":{"@id":"https:\/\/www.profesiadays.sk\/miesto-konania-stara-trznica\/#primaryimage"},"thumbnailUrl":"https:\/\/www.profesiadays.sk\/wp-content\/uploads\/2025\/01\/25_3M6A1064-1-1024x683.jpg","datePublished":"2024-04-03T08:55:05+00:00","dateModified":"2026-04-17T09:26:11+00:00","breadcrumb":{"@id":"https:\/\/www.profesiadays.sk\/miesto-konania-stara-trznica\/#breadcrumb"},"inLanguage":"en-US","potentialAction":[{"@type":"ReadAction","target":["https:\/\/www.profesiadays.sk\/miesto-konania-stara-trznica\/"]}]},{"@type":"ImageObject","inLanguage":"en-US","@id":"https:\/\/www.profesiadays.sk\/miesto-konania-stara-trznica\/#primaryimage","url":"https:\/\/www.profesiadays.sk\/wp-content\/uploads\/2025\/01\/25_3M6A1064-1-1024x683.jpg","contentUrl":"https:\/\/www.profesiadays.sk\/wp-content\/uploads\/2025\/01\/25_3M6A1064-1-1024x683.jpg"},{"@type":"BreadcrumbList","@id":"https:\/\/www.profesiadays.sk\/miesto-konania-stara-trznica\/#breadcrumb","itemListElement":[{"@type":"ListItem","position":1,"name":"Dom\u016f","item":"https:\/\/www.profesiadays.sk\/"},{"@type":"ListItem","position":2,"name":"Miesto konania"}]},{"@type":"WebSite","@id":"https:\/\/www.profesiadays.sk\/#website","url":"https:\/\/www.profesiadays.sk\/","name":"Profesia Days","description":"Profesia days","potentialAction":[{"@type":"SearchAction","target":{"@type":"EntryPoint","urlTemplate":"https:\/\/www.profesiadays.sk\/?s={search_term_string}"},"query-input":{"@type":"PropertyValueSpecification","valueRequired":true,"valueName":"search_term_string"}}],"inLanguage":"en-US"}]}},"_links":{"self":[{"href":"https:\/\/www.profesiadays.sk\/en\/wp-json\/wp\/v2\/pages\/2355","targetHints":{"allow":["GET"]}}],"collection":[{"href":"https:\/\/www.profesiadays.sk\/en\/wp-json\/wp\/v2\/pages"}],"about":[{"href":"https:\/\/www.profesiadays.sk\/en\/wp-json\/wp\/v2\/types\/page"}],"author":[{"embeddable":true,"href":"https:\/\/www.profesiadays.sk\/en\/wp-json\/wp\/v2\/users\/5"}],"replies":[{"embeddable":true,"href":"https:\/\/www.profesiadays.sk\/en\/wp-json\/wp\/v2\/comments?post=2355"}],"version-history":[{"count":13,"href":"https:\/\/www.profesiadays.sk\/en\/wp-json\/wp\/v2\/pages\/2355\/revisions"}],"predecessor-version":[{"id":11671,"href":"https:\/\/www.profesiadays.sk\/en\/wp-json\/wp\/v2\/pages\/2355\/revisions\/11671"}],"wp:attachment":[{"href":"https:\/\/www.profesiadays.sk\/en\/wp-json\/wp\/v2\/media?parent=2355"}],"curies":[{"name":"wp","href":"https:\/\/api.w.org\/{rel}","templated":true}]}}