{"id":2712,"date":"2024-05-03T09:32:44","date_gmt":"2024-05-03T09:32:44","guid":{"rendered":"https:\/\/www.profesiadays.sk\/?page_id=2712"},"modified":"2024-05-03T09:32:45","modified_gmt":"2024-05-03T09:32:45","slug":"vyhercovia-sutaze","status":"publish","type":"page","link":"https:\/\/www.profesiadays.sk\/en\/vyhercovia-sutaze\/","title":{"rendered":"V\u00fdhercovia s\u00fa\u0165a\u017ee"},"content":{"rendered":"\n<p><strong>Kto vyhral hodnotn\u00e9 ceny od Alma Career Slovakia?\u00a0<\/strong>V\u0161etci n\u00e1v\u0161tevn\u00edci, ktor\u00ed sa zaregistrovali, vyplnili svoje demografick\u00e9 \u00fadaje a z\u00fa\u010dastnili sa festivalu, boli automaticky zaraden\u00ed do s\u00fa\u0165a\u017ee o hodnotn\u00e9 ceny.\u00a0<strong>Si medzi \u0161\u0165astn\u00fdmi v\u00fdhercami? Blaho\u017eel\u00e1me!<\/strong><\/p>\n\n\n\n<p><strong>Apple Watch\u00a0<\/strong>vyhr\u00e1va Alica H. (a*********@gmail.com)<br><strong>Tablet <\/strong>vyhr\u00e1va Daniela F. (f************@gmail.com)<br><strong>Stabiliz\u00e1tor pre mobiln\u00fd telef\u00f3n<\/strong> vyhr\u00e1va Juraj K. (j***********@gmail.com)<br><strong>Fujifilm Instax<\/strong> vyhr\u00e1va Krist\u00edna M. (k******************@gmail.com)<br><strong>Bezdr\u00f4tov\u00e9 sl\u00fachadl\u00e1<\/strong> vyhr\u00e1va Peter S. (s******@hotmail.com)<br><br><\/p>\n","protected":false},"excerpt":{"rendered":"<p>Kto vyhral hodnotn\u00e9 ceny od Alma Career Slovakia?\u00a0V\u0161etci n\u00e1v\u0161tevn\u00edci, ktor\u00ed sa zaregistrovali, vyplnili svoje demografick\u00e9 \u00fadaje a z\u00fa\u010dastnili sa festivalu, boli automaticky zaraden\u00ed do s\u00fa\u0165a\u017ee o hodnotn\u00e9 ceny.\u00a0Si medzi \u0161\u0165astn\u00fdmi v\u00fdhercami? Blaho\u017eel\u00e1me! Apple Watch\u00a0vyhr\u00e1va Alica H. (a*********@gmail.com)Tablet vyhr\u00e1va Daniela F. (f************@gmail.com)Stabiliz\u00e1tor pre mobiln\u00fd telef\u00f3n vyhr\u00e1va Juraj K. (j***********@gmail.com)Fujifilm Instax vyhr\u00e1va Krist\u00edna M. (k******************@gmail.com)Bezdr\u00f4tov\u00e9 sl\u00fachadl\u00e1 vyhr\u00e1va [&hellip;]<\/p>\n","protected":false},"author":5,"featured_media":0,"parent":0,"menu_order":0,"comment_status":"closed","ping_status":"closed","template":"","meta":{"_acf_changed":false,"footnotes":""},"class_list":["post-2712","page","type-page","status-publish","hentry"],"acf":[],"yoast_head":"<!-- This site is optimized with the Yoast SEO plugin v24.4 - https:\/\/yoast.com\/wordpress\/plugins\/seo\/ -->\n<title>V\u00fdhercovia s\u00fa\u0165a\u017ee - Profesia Days<\/title>\n<meta name=\"robots\" content=\"index, follow, max-snippet:-1, max-image-preview:large, max-video-preview:-1\" \/>\n<link rel=\"canonical\" href=\"https:\/\/www.profesiadays.sk\/vyhercovia-sutaze\/\" \/>\n<meta property=\"og:locale\" content=\"en_US\" \/>\n<meta property=\"og:type\" content=\"article\" \/>\n<meta property=\"og:title\" content=\"V\u00fdhercovia s\u00fa\u0165a\u017ee - Profesia Days\" \/>\n<meta property=\"og:description\" content=\"Kto vyhral hodnotn\u00e9 ceny od Alma Career Slovakia?\u00a0V\u0161etci n\u00e1v\u0161tevn\u00edci, ktor\u00ed sa zaregistrovali, vyplnili svoje demografick\u00e9 \u00fadaje a z\u00fa\u010dastnili sa festivalu, boli automaticky zaraden\u00ed do s\u00fa\u0165a\u017ee o hodnotn\u00e9 ceny.\u00a0Si medzi \u0161\u0165astn\u00fdmi v\u00fdhercami? Blaho\u017eel\u00e1me! Apple Watch\u00a0vyhr\u00e1va Alica H. (a*********@gmail.com)Tablet vyhr\u00e1va Daniela F. (f************@gmail.com)Stabiliz\u00e1tor pre mobiln\u00fd telef\u00f3n vyhr\u00e1va Juraj K. (j***********@gmail.com)Fujifilm Instax vyhr\u00e1va Krist\u00edna M. (k******************@gmail.com)Bezdr\u00f4tov\u00e9 sl\u00fachadl\u00e1 vyhr\u00e1va [&hellip;]\" \/>\n<meta property=\"og:url\" content=\"https:\/\/www.profesiadays.sk\/vyhercovia-sutaze\/\" \/>\n<meta property=\"og:site_name\" content=\"Profesia Days\" \/>\n<meta property=\"article:modified_time\" content=\"2024-05-03T09:32:45+00:00\" \/>\n<meta property=\"og:image\" content=\"https:\/\/www.profesiadays.sk\/wp-content\/uploads\/2024\/01\/article_2.jpeg\" \/>\n\t<meta property=\"og:image:width\" content=\"1200\" \/>\n\t<meta property=\"og:image:height\" content=\"800\" \/>\n\t<meta property=\"og:image:type\" content=\"image\/jpeg\" \/>\n<meta name=\"twitter:card\" content=\"summary_large_image\" \/>\n<meta name=\"twitter:label1\" content=\"Est. reading time\" \/>\n\t<meta name=\"twitter:data1\" content=\"1 minute\" \/>\n<script type=\"application\/ld+json\" class=\"yoast-schema-graph\">{\"@context\":\"https:\/\/schema.org\",\"@graph\":[{\"@type\":\"WebPage\",\"@id\":\"https:\/\/www.profesiadays.sk\/vyhercovia-sutaze\/\",\"url\":\"https:\/\/www.profesiadays.sk\/vyhercovia-sutaze\/\",\"name\":\"V\u00fdhercovia s\u00fa\u0165a\u017ee - Profesia Days\",\"isPartOf\":{\"@id\":\"https:\/\/www.profesiadays.sk\/#website\"},\"datePublished\":\"2024-05-03T09:32:44+00:00\",\"dateModified\":\"2024-05-03T09:32:45+00:00\",\"breadcrumb\":{\"@id\":\"https:\/\/www.profesiadays.sk\/vyhercovia-sutaze\/#breadcrumb\"},\"inLanguage\":\"en-US\",\"potentialAction\":[{\"@type\":\"ReadAction\",\"target\":[\"https:\/\/www.profesiadays.sk\/vyhercovia-sutaze\/\"]}]},{\"@type\":\"BreadcrumbList\",\"@id\":\"https:\/\/www.profesiadays.sk\/vyhercovia-sutaze\/#breadcrumb\",\"itemListElement\":[{\"@type\":\"ListItem\",\"position\":1,\"name\":\"Dom\u016f\",\"item\":\"https:\/\/www.profesiadays.sk\/\"},{\"@type\":\"ListItem\",\"position\":2,\"name\":\"V\u00fdhercovia s\u00fa\u0165a\u017ee\"}]},{\"@type\":\"WebSite\",\"@id\":\"https:\/\/www.profesiadays.sk\/#website\",\"url\":\"https:\/\/www.profesiadays.sk\/\",\"name\":\"Profesia Days\",\"description\":\"Profesia days\",\"potentialAction\":[{\"@type\":\"SearchAction\",\"target\":{\"@type\":\"EntryPoint\",\"urlTemplate\":\"https:\/\/www.profesiadays.sk\/?s={search_term_string}\"},\"query-input\":{\"@type\":\"PropertyValueSpecification\",\"valueRequired\":true,\"valueName\":\"search_term_string\"}}],\"inLanguage\":\"en-US\"}]}<\/script>\n<!-- \/ Yoast SEO plugin. -->","yoast_head_json":{"title":"V\u00fdhercovia s\u00fa\u0165a\u017ee - Profesia Days","robots":{"index":"index","follow":"follow","max-snippet":"max-snippet:-1","max-image-preview":"max-image-preview:large","max-video-preview":"max-video-preview:-1"},"canonical":"https:\/\/www.profesiadays.sk\/vyhercovia-sutaze\/","og_locale":"en_US","og_type":"article","og_title":"V\u00fdhercovia s\u00fa\u0165a\u017ee - Profesia Days","og_description":"Kto vyhral hodnotn\u00e9 ceny od Alma Career Slovakia?\u00a0V\u0161etci n\u00e1v\u0161tevn\u00edci, ktor\u00ed sa zaregistrovali, vyplnili svoje demografick\u00e9 \u00fadaje a z\u00fa\u010dastnili sa festivalu, boli automaticky zaraden\u00ed do s\u00fa\u0165a\u017ee o hodnotn\u00e9 ceny.\u00a0Si medzi \u0161\u0165astn\u00fdmi v\u00fdhercami? Blaho\u017eel\u00e1me! Apple Watch\u00a0vyhr\u00e1va Alica H. (a*********@gmail.com)Tablet vyhr\u00e1va Daniela F. (f************@gmail.com)Stabiliz\u00e1tor pre mobiln\u00fd telef\u00f3n vyhr\u00e1va Juraj K. (j***********@gmail.com)Fujifilm Instax vyhr\u00e1va Krist\u00edna M. (k******************@gmail.com)Bezdr\u00f4tov\u00e9 sl\u00fachadl\u00e1 vyhr\u00e1va [&hellip;]","og_url":"https:\/\/www.profesiadays.sk\/vyhercovia-sutaze\/","og_site_name":"Profesia Days","article_modified_time":"2024-05-03T09:32:45+00:00","og_image":[{"width":1200,"height":800,"url":"https:\/\/www.profesiadays.sk\/wp-content\/uploads\/2024\/01\/article_2.jpeg","type":"image\/jpeg"}],"twitter_card":"summary_large_image","twitter_misc":{"Est. reading time":"1 minute"},"schema":{"@context":"https:\/\/schema.org","@graph":[{"@type":"WebPage","@id":"https:\/\/www.profesiadays.sk\/vyhercovia-sutaze\/","url":"https:\/\/www.profesiadays.sk\/vyhercovia-sutaze\/","name":"V\u00fdhercovia s\u00fa\u0165a\u017ee - Profesia Days","isPartOf":{"@id":"https:\/\/www.profesiadays.sk\/#website"},"datePublished":"2024-05-03T09:32:44+00:00","dateModified":"2024-05-03T09:32:45+00:00","breadcrumb":{"@id":"https:\/\/www.profesiadays.sk\/vyhercovia-sutaze\/#breadcrumb"},"inLanguage":"en-US","potentialAction":[{"@type":"ReadAction","target":["https:\/\/www.profesiadays.sk\/vyhercovia-sutaze\/"]}]},{"@type":"BreadcrumbList","@id":"https:\/\/www.profesiadays.sk\/vyhercovia-sutaze\/#breadcrumb","itemListElement":[{"@type":"ListItem","position":1,"name":"Dom\u016f","item":"https:\/\/www.profesiadays.sk\/"},{"@type":"ListItem","position":2,"name":"V\u00fdhercovia s\u00fa\u0165a\u017ee"}]},{"@type":"WebSite","@id":"https:\/\/www.profesiadays.sk\/#website","url":"https:\/\/www.profesiadays.sk\/","name":"Profesia Days","description":"Profesia days","potentialAction":[{"@type":"SearchAction","target":{"@type":"EntryPoint","urlTemplate":"https:\/\/www.profesiadays.sk\/?s={search_term_string}"},"query-input":{"@type":"PropertyValueSpecification","valueRequired":true,"valueName":"search_term_string"}}],"inLanguage":"en-US"}]}},"_links":{"self":[{"href":"https:\/\/www.profesiadays.sk\/en\/wp-json\/wp\/v2\/pages\/2712","targetHints":{"allow":["GET"]}}],"collection":[{"href":"https:\/\/www.profesiadays.sk\/en\/wp-json\/wp\/v2\/pages"}],"about":[{"href":"https:\/\/www.profesiadays.sk\/en\/wp-json\/wp\/v2\/types\/page"}],"author":[{"embeddable":true,"href":"https:\/\/www.profesiadays.sk\/en\/wp-json\/wp\/v2\/users\/5"}],"replies":[{"embeddable":true,"href":"https:\/\/www.profesiadays.sk\/en\/wp-json\/wp\/v2\/comments?post=2712"}],"version-history":[{"count":1,"href":"https:\/\/www.profesiadays.sk\/en\/wp-json\/wp\/v2\/pages\/2712\/revisions"}],"predecessor-version":[{"id":2713,"href":"https:\/\/www.profesiadays.sk\/en\/wp-json\/wp\/v2\/pages\/2712\/revisions\/2713"}],"wp:attachment":[{"href":"https:\/\/www.profesiadays.sk\/en\/wp-json\/wp\/v2\/media?parent=2712"}],"curies":[{"name":"wp","href":"https:\/\/api.w.org\/{rel}","templated":true}]}}