{"id":5053,"date":"2024-10-28T09:13:07","date_gmt":"2024-10-28T09:13:07","guid":{"rendered":"https:\/\/www.profesiadays.sk\/?page_id=5053"},"modified":"2026-02-13T08:38:52","modified_gmt":"2026-02-13T08:38:52","slug":"najlepsi-vystavovatelia-2025","status":"publish","type":"page","link":"https:\/\/www.profesiadays.sk\/en\/najlepsi-vystavovatelia-2025\/","title":{"rendered":"Naj vystavovate\u013e 2025"},"content":{"rendered":"\n<p>Po\u010das dvoch dn\u00ed festivalu pr\u00edle\u017eitost\u00ed Profesia days Ko\u0161ice prebiehal medzi n\u00e1v\u0161tevn\u00edkmi prieskum s cie\u013eom n\u00e1js\u0165 t\u00fdch najlep\u0161\u00edch z najlep\u0161\u00edch. V\u0161etci \u00fa\u010dastn\u00edci sa mohli zapoji\u0165 do hodnotenia prostredn\u00edctvom anonymn\u00e9ho prieskumu cez Arnolda. V\u00fdsledkom tohto prieskumu je vyhodnotenie troch najlep\u0161\u00edch vystavovate\u013eov tohto ro\u010dn\u00edka, ktor\u00fdmi s\u00fa:<\/p>\n\n\n\n<h2 class=\"wp-block-heading\"><strong>1. Siemens Healthineers<\/strong><\/h2>\n\n\n\n<figure class=\"wp-block-image size-full is-style-rounded\"><img loading=\"lazy\" decoding=\"async\" width=\"1200\" height=\"932\" src=\"https:\/\/www.profesiadays.sk\/wp-content\/uploads\/2025\/11\/29_17-40_038A6729-1.jpg\" alt=\"\" class=\"wp-image-11076\" srcset=\"https:\/\/www.profesiadays.sk\/wp-content\/uploads\/2025\/11\/29_17-40_038A6729-1.jpg 1200w, https:\/\/www.profesiadays.sk\/wp-content\/uploads\/2025\/11\/29_17-40_038A6729-1-300x233.jpg 300w, https:\/\/www.profesiadays.sk\/wp-content\/uploads\/2025\/11\/29_17-40_038A6729-1-1024x795.jpg 1024w, https:\/\/www.profesiadays.sk\/wp-content\/uploads\/2025\/11\/29_17-40_038A6729-1-768x596.jpg 768w\" sizes=\"auto, (max-width: 1200px) 100vw, 1200px\" \/><\/figure>\n\n\n\n<ol class=\"wp-block-list\">\n<li><\/li>\n<\/ol>\n\n\n\n<div style=\"height:100px\" aria-hidden=\"true\" class=\"wp-block-spacer\"><\/div>\n\n\n\n<h2 class=\"wp-block-heading\"><strong>2. <strong><strong>Lidl Slovensk\u00e1 republika, s.r.o.<\/strong><\/strong><\/strong><\/h2>\n\n\n\n<figure class=\"wp-block-image size-full is-style-rounded\"><img loading=\"lazy\" decoding=\"async\" width=\"1200\" height=\"800\" src=\"https:\/\/www.profesiadays.sk\/wp-content\/uploads\/2025\/11\/29_17-36_038A6627-1.jpg\" alt=\"\" class=\"wp-image-11080\" srcset=\"https:\/\/www.profesiadays.sk\/wp-content\/uploads\/2025\/11\/29_17-36_038A6627-1.jpg 1200w, https:\/\/www.profesiadays.sk\/wp-content\/uploads\/2025\/11\/29_17-36_038A6627-1-300x200.jpg 300w, https:\/\/www.profesiadays.sk\/wp-content\/uploads\/2025\/11\/29_17-36_038A6627-1-1024x683.jpg 1024w, https:\/\/www.profesiadays.sk\/wp-content\/uploads\/2025\/11\/29_17-36_038A6627-1-768x512.jpg 768w\" sizes=\"auto, (max-width: 1200px) 100vw, 1200px\" \/><\/figure>\n\n\n\n<div style=\"height:100px\" aria-hidden=\"true\" class=\"wp-block-spacer\"><\/div>\n\n\n\n<h2 class=\"wp-block-heading\"><strong>3. <strong>Finan\u010dn\u00e1 spr\u00e1va SR<\/strong><\/strong><\/h2>\n\n\n\n<figure class=\"wp-block-image size-full is-style-rounded\"><img loading=\"lazy\" decoding=\"async\" width=\"1200\" height=\"750\" src=\"https:\/\/www.profesiadays.sk\/wp-content\/uploads\/2025\/11\/29_17-34_038A6572-1.jpg\" alt=\"\" class=\"wp-image-11082\" srcset=\"https:\/\/www.profesiadays.sk\/wp-content\/uploads\/2025\/11\/29_17-34_038A6572-1.jpg 1200w, https:\/\/www.profesiadays.sk\/wp-content\/uploads\/2025\/11\/29_17-34_038A6572-1-300x188.jpg 300w, https:\/\/www.profesiadays.sk\/wp-content\/uploads\/2025\/11\/29_17-34_038A6572-1-1024x640.jpg 1024w, https:\/\/www.profesiadays.sk\/wp-content\/uploads\/2025\/11\/29_17-34_038A6572-1-768x480.jpg 768w\" sizes=\"auto, (max-width: 1200px) 100vw, 1200px\" \/><\/figure>\n\n\n\n<div style=\"height:100px\" aria-hidden=\"true\" class=\"wp-block-spacer\"><\/div>\n","protected":false},"excerpt":{"rendered":"<p>Po\u010das dvoch dn\u00ed festivalu pr\u00edle\u017eitost\u00ed Profesia days Ko\u0161ice prebiehal medzi n\u00e1v\u0161tevn\u00edkmi prieskum s cie\u013eom n\u00e1js\u0165 t\u00fdch najlep\u0161\u00edch z najlep\u0161\u00edch. V\u0161etci \u00fa\u010dastn\u00edci sa mohli zapoji\u0165 do hodnotenia prostredn\u00edctvom anonymn\u00e9ho prieskumu cez Arnolda. V\u00fdsledkom tohto prieskumu je vyhodnotenie troch najlep\u0161\u00edch vystavovate\u013eov tohto ro\u010dn\u00edka, ktor\u00fdmi s\u00fa: 1. Siemens Healthineers 2. Lidl Slovensk\u00e1 republika, s.r.o. 3. Finan\u010dn\u00e1 spr\u00e1va SR<\/p>\n","protected":false},"author":5,"featured_media":0,"parent":0,"menu_order":0,"comment_status":"closed","ping_status":"closed","template":"","meta":{"_acf_changed":false,"footnotes":""},"class_list":["post-5053","page","type-page","status-publish","hentry"],"acf":[],"yoast_head":"<!-- This site is optimized with the Yoast SEO plugin v24.4 - https:\/\/yoast.com\/wordpress\/plugins\/seo\/ -->\n<title>Naj vystavovate\u013e 2025 - Profesia Days<\/title>\n<meta name=\"robots\" content=\"index, follow, max-snippet:-1, max-image-preview:large, max-video-preview:-1\" \/>\n<link rel=\"canonical\" href=\"https:\/\/www.profesiadays.sk\/najlepsi-vystavovatelia-2025\/\" \/>\n<meta property=\"og:locale\" content=\"en_US\" \/>\n<meta property=\"og:type\" content=\"article\" \/>\n<meta property=\"og:title\" content=\"Naj vystavovate\u013e 2025 - Profesia Days\" \/>\n<meta property=\"og:description\" content=\"Po\u010das dvoch dn\u00ed festivalu pr\u00edle\u017eitost\u00ed Profesia days Ko\u0161ice prebiehal medzi n\u00e1v\u0161tevn\u00edkmi prieskum s cie\u013eom n\u00e1js\u0165 t\u00fdch najlep\u0161\u00edch z najlep\u0161\u00edch. V\u0161etci \u00fa\u010dastn\u00edci sa mohli zapoji\u0165 do hodnotenia prostredn\u00edctvom anonymn\u00e9ho prieskumu cez Arnolda. V\u00fdsledkom tohto prieskumu je vyhodnotenie troch najlep\u0161\u00edch vystavovate\u013eov tohto ro\u010dn\u00edka, ktor\u00fdmi s\u00fa: 1. Siemens Healthineers 2. Lidl Slovensk\u00e1 republika, s.r.o. 3. Finan\u010dn\u00e1 spr\u00e1va SR\" \/>\n<meta property=\"og:url\" content=\"https:\/\/www.profesiadays.sk\/najlepsi-vystavovatelia-2025\/\" \/>\n<meta property=\"og:site_name\" content=\"Profesia Days\" \/>\n<meta property=\"article:modified_time\" content=\"2026-02-13T08:38:52+00:00\" \/>\n<meta property=\"og:image\" content=\"https:\/\/www.profesiadays.sk\/wp-content\/uploads\/2025\/11\/29_17-40_038A6729-1.jpg\" \/>\n\t<meta property=\"og:image:width\" content=\"1200\" \/>\n\t<meta property=\"og:image:height\" content=\"932\" \/>\n\t<meta property=\"og:image:type\" content=\"image\/jpeg\" \/>\n<meta name=\"twitter:card\" content=\"summary_large_image\" \/>\n<meta name=\"twitter:label1\" content=\"Est. reading time\" \/>\n\t<meta name=\"twitter:data1\" content=\"1 minute\" \/>\n<script type=\"application\/ld+json\" class=\"yoast-schema-graph\">{\"@context\":\"https:\/\/schema.org\",\"@graph\":[{\"@type\":\"WebPage\",\"@id\":\"https:\/\/www.profesiadays.sk\/najlepsi-vystavovatelia-2025\/\",\"url\":\"https:\/\/www.profesiadays.sk\/najlepsi-vystavovatelia-2025\/\",\"name\":\"Naj vystavovate\u013e 2025 - Profesia Days\",\"isPartOf\":{\"@id\":\"https:\/\/www.profesiadays.sk\/#website\"},\"primaryImageOfPage\":{\"@id\":\"https:\/\/www.profesiadays.sk\/najlepsi-vystavovatelia-2025\/#primaryimage\"},\"image\":{\"@id\":\"https:\/\/www.profesiadays.sk\/najlepsi-vystavovatelia-2025\/#primaryimage\"},\"thumbnailUrl\":\"https:\/\/www.profesiadays.sk\/wp-content\/uploads\/2025\/11\/29_17-40_038A6729-1.jpg\",\"datePublished\":\"2024-10-28T09:13:07+00:00\",\"dateModified\":\"2026-02-13T08:38:52+00:00\",\"breadcrumb\":{\"@id\":\"https:\/\/www.profesiadays.sk\/najlepsi-vystavovatelia-2025\/#breadcrumb\"},\"inLanguage\":\"en-US\",\"potentialAction\":[{\"@type\":\"ReadAction\",\"target\":[\"https:\/\/www.profesiadays.sk\/najlepsi-vystavovatelia-2025\/\"]}]},{\"@type\":\"ImageObject\",\"inLanguage\":\"en-US\",\"@id\":\"https:\/\/www.profesiadays.sk\/najlepsi-vystavovatelia-2025\/#primaryimage\",\"url\":\"https:\/\/www.profesiadays.sk\/wp-content\/uploads\/2025\/11\/29_17-40_038A6729-1.jpg\",\"contentUrl\":\"https:\/\/www.profesiadays.sk\/wp-content\/uploads\/2025\/11\/29_17-40_038A6729-1.jpg\"},{\"@type\":\"BreadcrumbList\",\"@id\":\"https:\/\/www.profesiadays.sk\/najlepsi-vystavovatelia-2025\/#breadcrumb\",\"itemListElement\":[{\"@type\":\"ListItem\",\"position\":1,\"name\":\"Dom\u016f\",\"item\":\"https:\/\/www.profesiadays.sk\/\"},{\"@type\":\"ListItem\",\"position\":2,\"name\":\"Naj vystavovate\u013e 2025\"}]},{\"@type\":\"WebSite\",\"@id\":\"https:\/\/www.profesiadays.sk\/#website\",\"url\":\"https:\/\/www.profesiadays.sk\/\",\"name\":\"Profesia Days\",\"description\":\"Profesia days\",\"potentialAction\":[{\"@type\":\"SearchAction\",\"target\":{\"@type\":\"EntryPoint\",\"urlTemplate\":\"https:\/\/www.profesiadays.sk\/?s={search_term_string}\"},\"query-input\":{\"@type\":\"PropertyValueSpecification\",\"valueRequired\":true,\"valueName\":\"search_term_string\"}}],\"inLanguage\":\"en-US\"}]}<\/script>\n<!-- \/ Yoast SEO plugin. -->","yoast_head_json":{"title":"Naj vystavovate\u013e 2025 - Profesia Days","robots":{"index":"index","follow":"follow","max-snippet":"max-snippet:-1","max-image-preview":"max-image-preview:large","max-video-preview":"max-video-preview:-1"},"canonical":"https:\/\/www.profesiadays.sk\/najlepsi-vystavovatelia-2025\/","og_locale":"en_US","og_type":"article","og_title":"Naj vystavovate\u013e 2025 - Profesia Days","og_description":"Po\u010das dvoch dn\u00ed festivalu pr\u00edle\u017eitost\u00ed Profesia days Ko\u0161ice prebiehal medzi n\u00e1v\u0161tevn\u00edkmi prieskum s cie\u013eom n\u00e1js\u0165 t\u00fdch najlep\u0161\u00edch z najlep\u0161\u00edch. V\u0161etci \u00fa\u010dastn\u00edci sa mohli zapoji\u0165 do hodnotenia prostredn\u00edctvom anonymn\u00e9ho prieskumu cez Arnolda. V\u00fdsledkom tohto prieskumu je vyhodnotenie troch najlep\u0161\u00edch vystavovate\u013eov tohto ro\u010dn\u00edka, ktor\u00fdmi s\u00fa: 1. Siemens Healthineers 2. Lidl Slovensk\u00e1 republika, s.r.o. 3. Finan\u010dn\u00e1 spr\u00e1va SR","og_url":"https:\/\/www.profesiadays.sk\/najlepsi-vystavovatelia-2025\/","og_site_name":"Profesia Days","article_modified_time":"2026-02-13T08:38:52+00:00","og_image":[{"width":1200,"height":932,"url":"https:\/\/www.profesiadays.sk\/wp-content\/uploads\/2025\/11\/29_17-40_038A6729-1.jpg","type":"image\/jpeg"}],"twitter_card":"summary_large_image","twitter_misc":{"Est. reading time":"1 minute"},"schema":{"@context":"https:\/\/schema.org","@graph":[{"@type":"WebPage","@id":"https:\/\/www.profesiadays.sk\/najlepsi-vystavovatelia-2025\/","url":"https:\/\/www.profesiadays.sk\/najlepsi-vystavovatelia-2025\/","name":"Naj vystavovate\u013e 2025 - Profesia Days","isPartOf":{"@id":"https:\/\/www.profesiadays.sk\/#website"},"primaryImageOfPage":{"@id":"https:\/\/www.profesiadays.sk\/najlepsi-vystavovatelia-2025\/#primaryimage"},"image":{"@id":"https:\/\/www.profesiadays.sk\/najlepsi-vystavovatelia-2025\/#primaryimage"},"thumbnailUrl":"https:\/\/www.profesiadays.sk\/wp-content\/uploads\/2025\/11\/29_17-40_038A6729-1.jpg","datePublished":"2024-10-28T09:13:07+00:00","dateModified":"2026-02-13T08:38:52+00:00","breadcrumb":{"@id":"https:\/\/www.profesiadays.sk\/najlepsi-vystavovatelia-2025\/#breadcrumb"},"inLanguage":"en-US","potentialAction":[{"@type":"ReadAction","target":["https:\/\/www.profesiadays.sk\/najlepsi-vystavovatelia-2025\/"]}]},{"@type":"ImageObject","inLanguage":"en-US","@id":"https:\/\/www.profesiadays.sk\/najlepsi-vystavovatelia-2025\/#primaryimage","url":"https:\/\/www.profesiadays.sk\/wp-content\/uploads\/2025\/11\/29_17-40_038A6729-1.jpg","contentUrl":"https:\/\/www.profesiadays.sk\/wp-content\/uploads\/2025\/11\/29_17-40_038A6729-1.jpg"},{"@type":"BreadcrumbList","@id":"https:\/\/www.profesiadays.sk\/najlepsi-vystavovatelia-2025\/#breadcrumb","itemListElement":[{"@type":"ListItem","position":1,"name":"Dom\u016f","item":"https:\/\/www.profesiadays.sk\/"},{"@type":"ListItem","position":2,"name":"Naj vystavovate\u013e 2025"}]},{"@type":"WebSite","@id":"https:\/\/www.profesiadays.sk\/#website","url":"https:\/\/www.profesiadays.sk\/","name":"Profesia Days","description":"Profesia days","potentialAction":[{"@type":"SearchAction","target":{"@type":"EntryPoint","urlTemplate":"https:\/\/www.profesiadays.sk\/?s={search_term_string}"},"query-input":{"@type":"PropertyValueSpecification","valueRequired":true,"valueName":"search_term_string"}}],"inLanguage":"en-US"}]}},"_links":{"self":[{"href":"https:\/\/www.profesiadays.sk\/en\/wp-json\/wp\/v2\/pages\/5053","targetHints":{"allow":["GET"]}}],"collection":[{"href":"https:\/\/www.profesiadays.sk\/en\/wp-json\/wp\/v2\/pages"}],"about":[{"href":"https:\/\/www.profesiadays.sk\/en\/wp-json\/wp\/v2\/types\/page"}],"author":[{"embeddable":true,"href":"https:\/\/www.profesiadays.sk\/en\/wp-json\/wp\/v2\/users\/5"}],"replies":[{"embeddable":true,"href":"https:\/\/www.profesiadays.sk\/en\/wp-json\/wp\/v2\/comments?post=5053"}],"version-history":[{"count":12,"href":"https:\/\/www.profesiadays.sk\/en\/wp-json\/wp\/v2\/pages\/5053\/revisions"}],"predecessor-version":[{"id":11168,"href":"https:\/\/www.profesiadays.sk\/en\/wp-json\/wp\/v2\/pages\/5053\/revisions\/11168"}],"wp:attachment":[{"href":"https:\/\/www.profesiadays.sk\/en\/wp-json\/wp\/v2\/media?parent=5053"}],"curies":[{"name":"wp","href":"https:\/\/api.w.org\/{rel}","templated":true}]}}